{"id":2,"date":"2021-07-22T06:52:35","date_gmt":"2021-07-22T05:52:35","guid":{"rendered":"http:\/\/127.0.0.1\/?page_id=2"},"modified":"2021-09-14T11:51:37","modified_gmt":"2021-09-14T10:51:37","slug":"home-page","status":"publish","type":"page","link":"https:\/\/mpcomptabilitats.com\/es\/","title":{"rendered":"Home"},"content":{"rendered":"\n<div class=\"wp-block-columns is-layout-flex wp-container-core-columns-is-layout-9d6595d7 wp-block-columns-is-layout-flex\">\n<div class=\"wp-block-column is-layout-flow wp-block-column-is-layout-flow\" style=\"flex-basis:50%\">\n<div class=\"wp-block-group\"><div class=\"wp-block-group__inner-container is-layout-flow wp-block-group-is-layout-flow\">\n<figure class=\"wp-block-image size-full\"><img data-recalc-dims=\"1\" loading=\"lazy\" decoding=\"async\" width=\"580\" height=\"613\" data-attachment-id=\"134\" data-permalink=\"https:\/\/mpcomptabilitats.com\/es\/home-page\/noies-taula-3-ok2x\/\" data-orig-file=\"https:\/\/i0.wp.com\/mpcomptabilitats.com\/wp-content\/uploads\/2021\/08\/noies-taula-3-ok%402x.png?fit=697%2C737&amp;ssl=1\" data-orig-size=\"697,737\" data-comments-opened=\"0\" data-image-meta=\"{&quot;aperture&quot;:&quot;0&quot;,&quot;credit&quot;:&quot;&quot;,&quot;camera&quot;:&quot;&quot;,&quot;caption&quot;:&quot;&quot;,&quot;created_timestamp&quot;:&quot;0&quot;,&quot;copyright&quot;:&quot;&quot;,&quot;focal_length&quot;:&quot;0&quot;,&quot;iso&quot;:&quot;0&quot;,&quot;shutter_speed&quot;:&quot;0&quot;,&quot;title&quot;:&quot;&quot;,&quot;orientation&quot;:&quot;0&quot;}\" data-image-title=\"noies-taula-3 ok@2x\" data-image-description=\"\" data-image-caption=\"\" data-large-file=\"https:\/\/i0.wp.com\/mpcomptabilitats.com\/wp-content\/uploads\/2021\/08\/noies-taula-3-ok%402x.png?fit=580%2C613&amp;ssl=1\" src=\"https:\/\/i0.wp.com\/www.mpcomptabilitats.com\/wp-content\/uploads\/2021\/08\/noies-taula-3-ok%402x.png?resize=580%2C613&#038;ssl=1\" alt=\"\" class=\"wp-image-134\" srcset=\"https:\/\/i0.wp.com\/mpcomptabilitats.com\/wp-content\/uploads\/2021\/08\/noies-taula-3-ok%402x.png?w=697&amp;ssl=1 697w, https:\/\/i0.wp.com\/mpcomptabilitats.com\/wp-content\/uploads\/2021\/08\/noies-taula-3-ok%402x.png?resize=284%2C300&amp;ssl=1 284w\" sizes=\"auto, (max-width: 580px) 100vw, 580px\" \/><\/figure>\n<\/div><\/div>\n<\/div>\n\n\n\n<div class=\"wp-block-column is-layout-flow wp-block-column-is-layout-flow\" style=\"flex-basis:50%\">\n<h4 class=\"banner-home wp-block-heading\"><span class=\"highlight\">ASESORAMIENTO<\/span> CONTABLE, FISCAL Y EMPRESARIAL<\/h4>\n\n\n\n<p><\/p>\n<\/div>\n<\/div>\n\n\n\n<p><\/p>\n\n\n\n<div class=\"wp-block-group alignfull has-background\" id=\"empresa-anchor\" style=\"background-color:#ffffff\"><div class=\"wp-block-group__inner-container is-layout-flow wp-block-group-is-layout-flow\">\n<div class=\"wp-block-columns alignwide is-layout-flex wp-container-core-columns-is-layout-9d6595d7 wp-block-columns-is-layout-flex\">\n<div class=\"wp-block-column is-layout-flow wp-block-column-is-layout-flow\">\n<p class=\"has-text-align-center is-mp-title has-text-color has-larger-font-size\" style=\"color:#000000;line-height:1.1\"><strong>MP Comptabilitats i Gestions<\/strong><\/p>\n\n\n\n<p class=\"text-block\">MP Comptabilitats i Gestions es una empresa nacida en 2013 con el objetivo de facilitar a los empresarios un asesoramiento contable, fiscal y empresarial adaptado al tama\u00f1o y las necesidades de cada negocio. Garantizamos una gesti\u00f3n personalizada de calidad y la confidencialidad m\u00e1s estricta mientras buscamos el mejor rendimiento de la actividad econ\u00f3mica de cada empresa. Pida un presupuesto a medida y seg\u00fan sus demandas y necesidades.<\/p>\n<\/div>\n<\/div>\n<\/div><\/div>\n\n\n\n<figure class=\"wp-block-image alignfull\"><img data-recalc-dims=\"1\" loading=\"lazy\" decoding=\"async\" width=\"580\" height=\"121\" data-attachment-id=\"29\" data-permalink=\"https:\/\/mpcomptabilitats.com\/es\/facana_mp_ok2x\/\" data-orig-file=\"https:\/\/i0.wp.com\/mpcomptabilitats.com\/wp-content\/uploads\/2021\/07\/facana_mp_ok%402x.png?fit=3840%2C800&amp;ssl=1\" data-orig-size=\"3840,800\" data-comments-opened=\"0\" data-image-meta=\"{&quot;aperture&quot;:&quot;0&quot;,&quot;credit&quot;:&quot;&quot;,&quot;camera&quot;:&quot;&quot;,&quot;caption&quot;:&quot;&quot;,&quot;created_timestamp&quot;:&quot;0&quot;,&quot;copyright&quot;:&quot;&quot;,&quot;focal_length&quot;:&quot;0&quot;,&quot;iso&quot;:&quot;0&quot;,&quot;shutter_speed&quot;:&quot;0&quot;,&quot;title&quot;:&quot;&quot;,&quot;orientation&quot;:&quot;0&quot;}\" data-image-title=\"facana_mp_ok@2x\" data-image-description=\"\" data-image-caption=\"\" data-large-file=\"https:\/\/i0.wp.com\/mpcomptabilitats.com\/wp-content\/uploads\/2021\/07\/facana_mp_ok%402x.png?fit=580%2C121&amp;ssl=1\" src=\"https:\/\/i0.wp.com\/www.mpcomptabilitats.com\/wp-content\/uploads\/2021\/07\/facana_mp_ok%402x.png?resize=580%2C121&#038;ssl=1\" alt=\"\" class=\"wp-image-29\" srcset=\"https:\/\/i0.wp.com\/mpcomptabilitats.com\/wp-content\/uploads\/2021\/07\/facana_mp_ok%402x.png?w=3840&amp;ssl=1 3840w, https:\/\/i0.wp.com\/mpcomptabilitats.com\/wp-content\/uploads\/2021\/07\/facana_mp_ok%402x.png?resize=300%2C63&amp;ssl=1 300w, https:\/\/i0.wp.com\/mpcomptabilitats.com\/wp-content\/uploads\/2021\/07\/facana_mp_ok%402x.png?resize=1024%2C213&amp;ssl=1 1024w, https:\/\/i0.wp.com\/mpcomptabilitats.com\/wp-content\/uploads\/2021\/07\/facana_mp_ok%402x.png?resize=768%2C160&amp;ssl=1 768w, https:\/\/i0.wp.com\/mpcomptabilitats.com\/wp-content\/uploads\/2021\/07\/facana_mp_ok%402x.png?resize=1536%2C320&amp;ssl=1 1536w, https:\/\/i0.wp.com\/mpcomptabilitats.com\/wp-content\/uploads\/2021\/07\/facana_mp_ok%402x.png?resize=2048%2C427&amp;ssl=1 2048w, https:\/\/i0.wp.com\/mpcomptabilitats.com\/wp-content\/uploads\/2021\/07\/facana_mp_ok%402x.png?resize=1200%2C250&amp;ssl=1 1200w, https:\/\/i0.wp.com\/mpcomptabilitats.com\/wp-content\/uploads\/2021\/07\/facana_mp_ok%402x.png?resize=1980%2C413&amp;ssl=1 1980w, https:\/\/i0.wp.com\/mpcomptabilitats.com\/wp-content\/uploads\/2021\/07\/facana_mp_ok%402x.png?w=1740&amp;ssl=1 1740w\" sizes=\"auto, (max-width: 580px) 100vw, 580px\" \/><\/figure>\n\n\n\n<div class=\"wp-block-cover alignfull has-background-dim\" style=\"background-color:#ffffff;min-height:1454px;aspect-ratio:unset;\" id=\"serveis-anchor\"><div class=\"wp-block-cover__inner-container is-layout-flow wp-block-cover-is-layout-flow\">\n<div class=\"wp-block-media-text alignwide is-stacked-on-mobile is-vertically-aligned-center is-image-fill\" style=\"grid-template-columns:56% auto\"><figure class=\"wp-block-media-text__media\" style=\"background-image:url(https:\/\/www.mpcomptabilitats.com\/wp-content\/uploads\/2021\/08\/treballadora-2.png);background-position:50% 50%\"><img data-recalc-dims=\"1\" loading=\"lazy\" decoding=\"async\" width=\"580\" height=\"352\" data-attachment-id=\"181\" data-permalink=\"https:\/\/mpcomptabilitats.com\/es\/home-page\/treballadora-2\/\" data-orig-file=\"https:\/\/i0.wp.com\/mpcomptabilitats.com\/wp-content\/uploads\/2021\/08\/treballadora-2.png?fit=791%2C480&amp;ssl=1\" data-orig-size=\"791,480\" data-comments-opened=\"0\" data-image-meta=\"{&quot;aperture&quot;:&quot;0&quot;,&quot;credit&quot;:&quot;&quot;,&quot;camera&quot;:&quot;&quot;,&quot;caption&quot;:&quot;&quot;,&quot;created_timestamp&quot;:&quot;0&quot;,&quot;copyright&quot;:&quot;&quot;,&quot;focal_length&quot;:&quot;0&quot;,&quot;iso&quot;:&quot;0&quot;,&quot;shutter_speed&quot;:&quot;0&quot;,&quot;title&quot;:&quot;&quot;,&quot;orientation&quot;:&quot;0&quot;}\" data-image-title=\"treballadora-2\" data-image-description=\"\" data-image-caption=\"\" data-large-file=\"https:\/\/i0.wp.com\/mpcomptabilitats.com\/wp-content\/uploads\/2021\/08\/treballadora-2.png?fit=580%2C352&amp;ssl=1\" src=\"https:\/\/i0.wp.com\/www.mpcomptabilitats.com\/wp-content\/uploads\/2021\/08\/treballadora-2.png?resize=580%2C352&#038;ssl=1\" alt=\"\" class=\"wp-image-181 size-full\" srcset=\"https:\/\/i0.wp.com\/mpcomptabilitats.com\/wp-content\/uploads\/2021\/08\/treballadora-2.png?w=791&amp;ssl=1 791w, https:\/\/i0.wp.com\/mpcomptabilitats.com\/wp-content\/uploads\/2021\/08\/treballadora-2.png?resize=300%2C182&amp;ssl=1 300w, https:\/\/i0.wp.com\/mpcomptabilitats.com\/wp-content\/uploads\/2021\/08\/treballadora-2.png?resize=768%2C466&amp;ssl=1 768w\" sizes=\"auto, (max-width: 580px) 100vw, 580px\" \/><\/figure><div class=\"wp-block-media-text__content\">\n<h2 class=\"is-reverse-mp-title has-text-color wp-block-heading\" style=\"color:#000000;font-size:32px\"><strong><meta charset=\"utf-8\"><strong>Contabilidad<\/strong><\/strong><\/h2>\n\n\n\n<p><span class=\"has-inline-color has-primary-color\"><meta charset=\"utf-8\"><span class=\"has-inline-color has-primary-color\">Contabilidad Para empresas, particulares, asociaciones, federaciones, etc. Le ofrecemos: Puesta al d\u00eda de su contabilidad. Declaraci\u00f3n de impuestos (IGI y sociedades) Cuentas de p\u00e9rdidas y ganancias. Cuentas anuales. Previsiones de pagos y cobros. Recogida semanal de documentaci\u00f3n<\/span><\/span><\/p>\n\n\n\n<p><\/p>\n<\/div><\/div>\n\n\n\n<div class=\"wp-block-media-text alignwide has-media-on-the-right is-stacked-on-mobile is-vertically-aligned-center is-image-fill\" style=\"grid-template-columns:auto 56%\"><figure class=\"wp-block-media-text__media\" style=\"background-image:url(https:\/\/www.mpcomptabilitats.com\/wp-content\/uploads\/2021\/08\/treballador-1.png);background-position:50% 50%\"><img data-recalc-dims=\"1\" loading=\"lazy\" decoding=\"async\" width=\"580\" height=\"352\" data-attachment-id=\"184\" data-permalink=\"https:\/\/mpcomptabilitats.com\/es\/home-page\/treballador-1\/\" data-orig-file=\"https:\/\/i0.wp.com\/mpcomptabilitats.com\/wp-content\/uploads\/2021\/08\/treballador-1.png?fit=791%2C480&amp;ssl=1\" data-orig-size=\"791,480\" data-comments-opened=\"0\" data-image-meta=\"{&quot;aperture&quot;:&quot;0&quot;,&quot;credit&quot;:&quot;&quot;,&quot;camera&quot;:&quot;&quot;,&quot;caption&quot;:&quot;&quot;,&quot;created_timestamp&quot;:&quot;0&quot;,&quot;copyright&quot;:&quot;&quot;,&quot;focal_length&quot;:&quot;0&quot;,&quot;iso&quot;:&quot;0&quot;,&quot;shutter_speed&quot;:&quot;0&quot;,&quot;title&quot;:&quot;&quot;,&quot;orientation&quot;:&quot;0&quot;}\" data-image-title=\"treballador-1\" data-image-description=\"\" data-image-caption=\"\" data-large-file=\"https:\/\/i0.wp.com\/mpcomptabilitats.com\/wp-content\/uploads\/2021\/08\/treballador-1.png?fit=580%2C352&amp;ssl=1\" src=\"https:\/\/i0.wp.com\/www.mpcomptabilitats.com\/wp-content\/uploads\/2021\/08\/treballador-1.png?resize=580%2C352&#038;ssl=1\" alt=\"\" class=\"wp-image-184 size-full\" srcset=\"https:\/\/i0.wp.com\/mpcomptabilitats.com\/wp-content\/uploads\/2021\/08\/treballador-1.png?w=791&amp;ssl=1 791w, https:\/\/i0.wp.com\/mpcomptabilitats.com\/wp-content\/uploads\/2021\/08\/treballador-1.png?resize=300%2C182&amp;ssl=1 300w, https:\/\/i0.wp.com\/mpcomptabilitats.com\/wp-content\/uploads\/2021\/08\/treballador-1.png?resize=768%2C466&amp;ssl=1 768w\" sizes=\"auto, (max-width: 580px) 100vw, 580px\" \/><\/figure><div class=\"wp-block-media-text__content\">\n<h2 class=\"is-reverse-mp-title has-text-color wp-block-heading\" style=\"color:#000000;font-size:32px\"><strong>Asesoramiento<\/strong><\/h2>\n\n\n\n<p><span class=\"has-inline-color has-primary-color\">Le ofrecemos asesoramiento contable, laboral y fiscal para su empresa.<\/span><\/p>\n\n\n\n<p><\/p>\n<\/div><\/div>\n\n\n\n<div class=\"wp-block-media-text alignwide is-stacked-on-mobile is-vertically-aligned-center is-image-fill\" style=\"grid-template-columns:56% auto\"><figure class=\"wp-block-media-text__media\" style=\"background-image:url(https:\/\/www.mpcomptabilitats.com\/wp-content\/uploads\/2021\/08\/treballadors-3.png);background-position:50% 50%\"><img data-recalc-dims=\"1\" loading=\"lazy\" decoding=\"async\" width=\"580\" height=\"352\" data-attachment-id=\"186\" data-permalink=\"https:\/\/mpcomptabilitats.com\/es\/home-page\/treballadors-3\/\" data-orig-file=\"https:\/\/i0.wp.com\/mpcomptabilitats.com\/wp-content\/uploads\/2021\/08\/treballadors-3.png?fit=791%2C480&amp;ssl=1\" data-orig-size=\"791,480\" data-comments-opened=\"0\" data-image-meta=\"{&quot;aperture&quot;:&quot;0&quot;,&quot;credit&quot;:&quot;&quot;,&quot;camera&quot;:&quot;&quot;,&quot;caption&quot;:&quot;&quot;,&quot;created_timestamp&quot;:&quot;0&quot;,&quot;copyright&quot;:&quot;&quot;,&quot;focal_length&quot;:&quot;0&quot;,&quot;iso&quot;:&quot;0&quot;,&quot;shutter_speed&quot;:&quot;0&quot;,&quot;title&quot;:&quot;&quot;,&quot;orientation&quot;:&quot;0&quot;}\" data-image-title=\"treballadors-3\" data-image-description=\"\" data-image-caption=\"\" data-large-file=\"https:\/\/i0.wp.com\/mpcomptabilitats.com\/wp-content\/uploads\/2021\/08\/treballadors-3.png?fit=580%2C352&amp;ssl=1\" src=\"https:\/\/i0.wp.com\/www.mpcomptabilitats.com\/wp-content\/uploads\/2021\/08\/treballadors-3.png?resize=580%2C352&#038;ssl=1\" alt=\"\" class=\"wp-image-186 size-full\" srcset=\"https:\/\/i0.wp.com\/mpcomptabilitats.com\/wp-content\/uploads\/2021\/08\/treballadors-3.png?w=791&amp;ssl=1 791w, https:\/\/i0.wp.com\/mpcomptabilitats.com\/wp-content\/uploads\/2021\/08\/treballadors-3.png?resize=300%2C182&amp;ssl=1 300w, https:\/\/i0.wp.com\/mpcomptabilitats.com\/wp-content\/uploads\/2021\/08\/treballadors-3.png?resize=768%2C466&amp;ssl=1 768w\" sizes=\"auto, (max-width: 580px) 100vw, 580px\" \/><\/figure><div class=\"wp-block-media-text__content\">\n<h2 class=\"is-reverse-mp-title has-text-color wp-block-heading\" style=\"color:#000000;font-size:32px\"><strong>Gestor\u00eda<\/strong><\/h2>\n\n\n\n<p><span class=\"has-inline-color has-primary-color\">Gestionamos todo tipo de tr\u00e1mites con la Administraci\u00f3n andorrana (CASS, Gobierno, comuns, etc.): certificados de residencia, solicitud de la tarjeta de la CASS, renovaci\u00f3n de documentaci\u00f3n, altas y bajas de trabajadores, constituci\u00f3n de sociedades, n\u00f3minas, registros de comercio, etc.<\/span><\/p>\n\n\n\n<p><\/p>\n<\/div><\/div>\n\n\n\n<div class=\"wp-block-media-text alignwide has-media-on-the-right is-stacked-on-mobile is-vertically-aligned-center is-image-fill\" style=\"grid-template-columns:auto 56%\"><figure class=\"wp-block-media-text__media\" style=\"background-image:url(https:\/\/www.mpcomptabilitats.com\/wp-content\/uploads\/2021\/08\/treballadors-4.png);background-position:50% 50%\"><img data-recalc-dims=\"1\" loading=\"lazy\" decoding=\"async\" width=\"580\" height=\"352\" data-attachment-id=\"187\" data-permalink=\"https:\/\/mpcomptabilitats.com\/es\/home-page\/treballadors-4\/\" data-orig-file=\"https:\/\/i0.wp.com\/mpcomptabilitats.com\/wp-content\/uploads\/2021\/08\/treballadors-4.png?fit=791%2C480&amp;ssl=1\" data-orig-size=\"791,480\" data-comments-opened=\"0\" data-image-meta=\"{&quot;aperture&quot;:&quot;0&quot;,&quot;credit&quot;:&quot;&quot;,&quot;camera&quot;:&quot;&quot;,&quot;caption&quot;:&quot;&quot;,&quot;created_timestamp&quot;:&quot;0&quot;,&quot;copyright&quot;:&quot;&quot;,&quot;focal_length&quot;:&quot;0&quot;,&quot;iso&quot;:&quot;0&quot;,&quot;shutter_speed&quot;:&quot;0&quot;,&quot;title&quot;:&quot;&quot;,&quot;orientation&quot;:&quot;0&quot;}\" data-image-title=\"treballadors-4\" data-image-description=\"\" data-image-caption=\"\" data-large-file=\"https:\/\/i0.wp.com\/mpcomptabilitats.com\/wp-content\/uploads\/2021\/08\/treballadors-4.png?fit=580%2C352&amp;ssl=1\" src=\"https:\/\/i0.wp.com\/www.mpcomptabilitats.com\/wp-content\/uploads\/2021\/08\/treballadors-4.png?resize=580%2C352&#038;ssl=1\" alt=\"\" class=\"wp-image-187 size-full\" srcset=\"https:\/\/i0.wp.com\/mpcomptabilitats.com\/wp-content\/uploads\/2021\/08\/treballadors-4.png?w=791&amp;ssl=1 791w, https:\/\/i0.wp.com\/mpcomptabilitats.com\/wp-content\/uploads\/2021\/08\/treballadors-4.png?resize=300%2C182&amp;ssl=1 300w, https:\/\/i0.wp.com\/mpcomptabilitats.com\/wp-content\/uploads\/2021\/08\/treballadors-4.png?resize=768%2C466&amp;ssl=1 768w\" sizes=\"auto, (max-width: 580px) 100vw, 580px\" \/><\/figure><div class=\"wp-block-media-text__content\">\n<h2 class=\"is-reverse-mp-title has-text-color wp-block-heading\" style=\"color:#000000;font-size:32px\"><strong>Fiscalidad<\/strong><\/h2>\n\n\n\n<p><span class=\"has-inline-color has-primary-color\">Realizamos todos los tr\u00e1mites tributarios, preparando y presentando las distintas declaraciones.<\/span><\/p>\n\n\n\n<p><\/p>\n<\/div><\/div>\n<\/div><\/div>\n\n\n\n<div class=\"wpforms-container wpforms-container-full mp-contact-form\" id=\"wpforms-371\"><form id=\"wpforms-form-371\" class=\"wpforms-validate wpforms-form wpforms-ajax-form\" data-formid=\"371\" method=\"post\" enctype=\"multipart\/form-data\" action=\"\/es\/wp-json\/wp\/v2\/pages\/2\" data-token=\"4e34543793321f5bf4d509206bc074cd\" data-token-time=\"1777902920\"><noscript class=\"wpforms-error-noscript\">Por favor, activa JavaScript en tu navegador para completar este formulario.<\/noscript><div class=\"wpforms-field-container\"><div id=\"wpforms-371-field_0-container\" class=\"wpforms-field wpforms-field-name wpforms-one-third wpforms-first wpforms-one-fourth\" data-field-id=\"0\"><label class=\"wpforms-field-label\" for=\"wpforms-371-field_0\">Nom <span class=\"wpforms-required-label\">*<\/span><\/label><input type=\"text\" id=\"wpforms-371-field_0\" class=\"wpforms-field-medium wpforms-field-required\" name=\"wpforms[fields][0]\" required><\/div><div id=\"wpforms-371-field_3-container\" class=\"wpforms-field wpforms-field-name wpforms-one-third wpforms-first wpforms-one-fourth\" data-field-id=\"3\"><label class=\"wpforms-field-label\" for=\"wpforms-371-field_3\">Cognom <span class=\"wpforms-required-label\">*<\/span><\/label><input type=\"text\" id=\"wpforms-371-field_3\" class=\"wpforms-field-medium wpforms-field-required\" name=\"wpforms[fields][3]\" required><\/div><div id=\"wpforms-371-field_1-container\" class=\"wpforms-field wpforms-field-email\" data-field-id=\"1\"><label class=\"wpforms-field-label\" for=\"wpforms-371-field_1\">Email <span class=\"wpforms-required-label\">*<\/span><\/label><input type=\"email\" id=\"wpforms-371-field_1\" class=\"wpforms-field-medium wpforms-field-required\" name=\"wpforms[fields][1]\" spellcheck=\"false\" required><\/div><div id=\"wpforms-371-field_2-container\" class=\"wpforms-field wpforms-field-textarea\" data-field-id=\"2\"><label class=\"wpforms-field-label\" for=\"wpforms-371-field_2\">Missatge <span class=\"wpforms-required-label\">*<\/span><\/label><textarea id=\"wpforms-371-field_2\" class=\"wpforms-field-medium wpforms-field-required\" name=\"wpforms[fields][2]\" required><\/textarea><\/div><\/div><!-- .wpforms-field-container --><div class=\"wpforms-submit-container\" ><input type=\"hidden\" name=\"wpforms[id]\" value=\"371\"><input type=\"hidden\" name=\"page_title\" value=\"\"><input type=\"hidden\" name=\"page_url\" value=\"https:\/\/mpcomptabilitats.com\/es\/wp-json\/wp\/v2\/pages\/2\"><input type=\"hidden\" name=\"url_referer\" value=\"\"><button type=\"submit\" name=\"wpforms[submit]\" id=\"wpforms-submit-371\" class=\"wpforms-submit mp-contact-form-cta\" data-alt-text=\"Enviant...\" data-submit-text=\"Enviar\" aria-live=\"assertive\" value=\"wpforms-submit\">Enviar<\/button><img loading=\"lazy\" decoding=\"async\" src=\"https:\/\/mpcomptabilitats.com\/wp-content\/plugins\/wpforms-lite\/assets\/images\/submit-spin.svg\" class=\"wpforms-submit-spinner\" style=\"display: none;\" width=\"26\" height=\"26\" alt=\"Cargando\"><\/div><\/form><\/div>  <!-- .wpforms-container -->\n\n\n\n<div class=\"mapouter\"><div class=\"gmap_canvas\"><iframe loading=\"lazy\" width=\"700\" height=\"771\" id=\"gmap_canvas\" src=\"https:\/\/maps.google.com\/maps?q=mp%20Comptabilitats&#038;t=&#038;z=15&#038;ie=UTF8&#038;iwloc=&#038;output=embed\" frameborder=\"0\" scrolling=\"no\" marginheight=\"0\" marginwidth=\"0\"><\/iframe><a href=\"https:\/\/getasearch.com\/nordvpn-coupon\/\"><\/a><br><style>.mapouter{position:relative;text-align:right;height:771px;width:961px;}<\/style><a href=\"https:\/\/www.embedgooglemap.net\">google maps embedded api<\/a><style>.gmap_canvas {overflow:hidden;background:none!important;height:771px;width:700px;}<\/style><\/div><\/div>\n","protected":false},"excerpt":{"rendered":"<p>ASESORAMIENTO CONTABLE, FISCAL Y EMPRESARIAL MP Comptabilitats i Gestions MP Comptabilitats i Gestions es una empresa nacida en 2013 con el objetivo de facilitar a los empresarios un asesoramiento contable, fiscal y empresarial adaptado al tama\u00f1o y las necesidades de cada negocio. Garantizamos una gesti\u00f3n personalizada de calidad y la confidencialidad m\u00e1s estricta mientras buscamos [&hellip;]<\/p>\n","protected":false},"author":1,"featured_media":0,"parent":0,"menu_order":0,"comment_status":"closed","ping_status":"closed","template":"","meta":{"om_disable_all_campaigns":false,"inline_featured_image":false,"_monsterinsights_skip_tracking":false,"_monsterinsights_sitenote_active":false,"_monsterinsights_sitenote_note":"","_monsterinsights_sitenote_category":0,"_uf_show_specific_survey":0,"_uf_disable_surveys":false,"footnotes":""},"class_list":["post-2","page","type-page","status-publish","hentry"],"aioseo_notices":[],"jetpack_shortlink":"https:\/\/wp.me\/Pdk4Zl-2","jetpack_sharing_enabled":true,"amp_enabled":true,"_links":{"self":[{"href":"https:\/\/mpcomptabilitats.com\/es\/wp-json\/wp\/v2\/pages\/2","targetHints":{"allow":["GET"]}}],"collection":[{"href":"https:\/\/mpcomptabilitats.com\/es\/wp-json\/wp\/v2\/pages"}],"about":[{"href":"https:\/\/mpcomptabilitats.com\/es\/wp-json\/wp\/v2\/types\/page"}],"author":[{"embeddable":true,"href":"https:\/\/mpcomptabilitats.com\/es\/wp-json\/wp\/v2\/users\/1"}],"replies":[{"embeddable":true,"href":"https:\/\/mpcomptabilitats.com\/es\/wp-json\/wp\/v2\/comments?post=2"}],"version-history":[{"count":0,"href":"https:\/\/mpcomptabilitats.com\/es\/wp-json\/wp\/v2\/pages\/2\/revisions"}],"wp:attachment":[{"href":"https:\/\/mpcomptabilitats.com\/es\/wp-json\/wp\/v2\/media?parent=2"}],"curies":[{"name":"wp","href":"https:\/\/api.w.org\/{rel}","templated":true}]}}